{"id":133,"date":"2023-06-13T18:57:30","date_gmt":"2023-06-13T18:57:30","guid":{"rendered":"https:\/\/eclectic-handcrafts.de\/?post_type=product&#038;p=133"},"modified":"2026-03-23T11:55:20","modified_gmt":"2026-03-23T11:55:20","slug":"note-card","status":"publish","type":"product","link":"https:\/\/eclectic-handcrafts.de\/de\/produkt\/note-card\/","title":{"rendered":"Gru\u00dfkarten"},"content":{"rendered":"<p>Diese Box enth\u00e4lt 5 Karten mit einem anderen und einzigartigen Gelplatten-Monoprint. Sie erhalten eine \u00dcberraschung, ein kleines kreatives Kunstwerk. Sie sind innen leer und bereit f\u00fcr Ihre herzliche Nachricht.<br \/>\nJede Packung enth\u00e4lt 5 Gru\u00dfkarten mit Umschl\u00e4gen.<br \/>\nGr\u00f6\u00dfe:<br \/>\nKarte: 14 x 10,5 cm (A6) mit 300g\/m2<br \/>\nKarton Umschlag: 16,2 x 11,4 cm mit 130g\/m2 Papier.<\/p>","protected":false},"excerpt":{"rendered":"<p>Diese Gru\u00dfkarten verf\u00fcgen \u00fcber einzigartige handgefertigte k\u00fcnstlerische Designs auf der Au\u00dfenseite und eine leere Innenseite f\u00fcr Ihre pers\u00f6nliche Nachricht. Sie werden in einer \u00dcberraschungsbox mit 5 Karten geliefert, die mit einzigartigen Designs gef\u00fcllt ist. Jede Karte ist ein Monoprint, was bedeutet, dass keine zwei Karten genau gleich sind. Sie erhalten immer eine einzigartige Auswahl, die Individualit\u00e4t und Kreativit\u00e4t widerspiegelt.<\/p>","protected":false},"featured_media":747,"comment_status":"open","ping_status":"closed","template":"","meta":[],"product_brand":[],"product_cat":[21],"product_tag":[],"class_list":{"0":"post-133","1":"product","2":"type-product","3":"status-publish","4":"has-post-thumbnail","6":"product_cat-greeting-cards","8":"first","9":"instock","10":"shipping-taxable","11":"purchasable","12":"product-type-simple"},"yoast_head":"<!-- This site is optimized with the Yoast SEO plugin v27.3 - https:\/\/yoast.com\/product\/yoast-seo-wordpress\/ -->\n<title>greeting cards - Eclectic Handcrafts<\/title>\n<meta name=\"robots\" content=\"index, follow, max-snippet:-1, max-image-preview:large, max-video-preview:-1\" \/>\n<link rel=\"canonical\" href=\"https:\/\/eclectic-handcrafts.de\/de\/produkt\/note-card\/\" \/>\n<meta property=\"og:locale\" content=\"de_DE\" \/>\n<meta property=\"og:type\" content=\"article\" \/>\n<meta property=\"og:title\" content=\"greeting cards - Eclectic Handcrafts\" \/>\n<meta property=\"og:description\" content=\"These Greeting Cards feature unique handmade artistic designs on the outside, and a blank interior for your personal message. They come in a surprise 5 Card box packed with unique designs. Each card is a monoprint, meaning that no two cards are exactly alike. You will always get a one-of-a-kind selection that reflects individuality and creativity.\" \/>\n<meta property=\"og:url\" content=\"https:\/\/eclectic-handcrafts.de\/de\/produkt\/note-card\/\" \/>\n<meta property=\"og:site_name\" content=\"Eclectic Handcrafts\" \/>\n<meta property=\"article:modified_time\" content=\"2026-03-23T11:55:20+00:00\" \/>\n<meta property=\"og:image\" content=\"https:\/\/eclectic-handcrafts.de\/wp-content\/uploads\/2023\/06\/Note-Card-11.jpg\" \/>\n\t<meta property=\"og:image:width\" content=\"600\" \/>\n\t<meta property=\"og:image:height\" content=\"800\" \/>\n\t<meta property=\"og:image:type\" content=\"image\/jpeg\" \/>\n<meta name=\"twitter:card\" content=\"summary_large_image\" \/>\n<script type=\"application\/ld+json\" class=\"yoast-schema-graph\">{\"@context\":\"https:\\\/\\\/schema.org\",\"@graph\":[{\"@type\":\"WebPage\",\"@id\":\"https:\\\/\\\/eclectic-handcrafts.de\\\/product\\\/note-card\\\/\",\"url\":\"https:\\\/\\\/eclectic-handcrafts.de\\\/product\\\/note-card\\\/\",\"name\":\"greeting cards - Eclectic Handcrafts\",\"isPartOf\":{\"@id\":\"https:\\\/\\\/eclectic-handcrafts.de\\\/#website\"},\"primaryImageOfPage\":{\"@id\":\"https:\\\/\\\/eclectic-handcrafts.de\\\/product\\\/note-card\\\/#primaryimage\"},\"image\":{\"@id\":\"https:\\\/\\\/eclectic-handcrafts.de\\\/product\\\/note-card\\\/#primaryimage\"},\"thumbnailUrl\":\"https:\\\/\\\/eclectic-handcrafts.de\\\/wp-content\\\/uploads\\\/2023\\\/06\\\/Note-Card-11.jpg\",\"datePublished\":\"2023-06-13T18:57:30+00:00\",\"dateModified\":\"2026-03-23T11:55:20+00:00\",\"breadcrumb\":{\"@id\":\"https:\\\/\\\/eclectic-handcrafts.de\\\/product\\\/note-card\\\/#breadcrumb\"},\"inLanguage\":\"de\",\"potentialAction\":[{\"@type\":\"ReadAction\",\"target\":[\"https:\\\/\\\/eclectic-handcrafts.de\\\/product\\\/note-card\\\/\"]}]},{\"@type\":\"ImageObject\",\"inLanguage\":\"de\",\"@id\":\"https:\\\/\\\/eclectic-handcrafts.de\\\/product\\\/note-card\\\/#primaryimage\",\"url\":\"https:\\\/\\\/eclectic-handcrafts.de\\\/wp-content\\\/uploads\\\/2023\\\/06\\\/Note-Card-11.jpg\",\"contentUrl\":\"https:\\\/\\\/eclectic-handcrafts.de\\\/wp-content\\\/uploads\\\/2023\\\/06\\\/Note-Card-11.jpg\",\"width\":600,\"height\":800},{\"@type\":\"BreadcrumbList\",\"@id\":\"https:\\\/\\\/eclectic-handcrafts.de\\\/product\\\/note-card\\\/#breadcrumb\",\"itemListElement\":[{\"@type\":\"ListItem\",\"position\":1,\"name\":\"Home\",\"item\":\"https:\\\/\\\/eclectic-handcrafts.de\\\/\"},{\"@type\":\"ListItem\",\"position\":2,\"name\":\"Shop\",\"item\":\"https:\\\/\\\/eclectic-handcrafts.de\\\/shop\\\/\"},{\"@type\":\"ListItem\",\"position\":3,\"name\":\"greeting cards\"}]},{\"@type\":\"WebSite\",\"@id\":\"https:\\\/\\\/eclectic-handcrafts.de\\\/#website\",\"url\":\"https:\\\/\\\/eclectic-handcrafts.de\\\/\",\"name\":\"Eclectic Handcrafts\",\"description\":\"By Claudia\",\"publisher\":{\"@id\":\"https:\\\/\\\/eclectic-handcrafts.de\\\/#organization\"},\"potentialAction\":[{\"@type\":\"SearchAction\",\"target\":{\"@type\":\"EntryPoint\",\"urlTemplate\":\"https:\\\/\\\/eclectic-handcrafts.de\\\/?s={search_term_string}\"},\"query-input\":{\"@type\":\"PropertyValueSpecification\",\"valueRequired\":true,\"valueName\":\"search_term_string\"}}],\"inLanguage\":\"de\"},{\"@type\":\"Organization\",\"@id\":\"https:\\\/\\\/eclectic-handcrafts.de\\\/#organization\",\"name\":\"Eclectic Handcrafts\",\"url\":\"https:\\\/\\\/eclectic-handcrafts.de\\\/\",\"logo\":{\"@type\":\"ImageObject\",\"inLanguage\":\"de\",\"@id\":\"https:\\\/\\\/eclectic-handcrafts.de\\\/#\\\/schema\\\/logo\\\/image\\\/\",\"url\":\"https:\\\/\\\/eclectic-handcrafts.de\\\/wp-content\\\/uploads\\\/2023\\\/06\\\/eclectic-main-logo.png\",\"contentUrl\":\"https:\\\/\\\/eclectic-handcrafts.de\\\/wp-content\\\/uploads\\\/2023\\\/06\\\/eclectic-main-logo.png\",\"width\":290,\"height\":300,\"caption\":\"Eclectic Handcrafts\"},\"image\":{\"@id\":\"https:\\\/\\\/eclectic-handcrafts.de\\\/#\\\/schema\\\/logo\\\/image\\\/\"}}]}<\/script>\n<!-- \/ Yoast SEO plugin. -->","yoast_head_json":{"title":"greeting cards - Eclectic Handcrafts","robots":{"index":"index","follow":"follow","max-snippet":"max-snippet:-1","max-image-preview":"max-image-preview:large","max-video-preview":"max-video-preview:-1"},"canonical":"https:\/\/eclectic-handcrafts.de\/de\/produkt\/note-card\/","og_locale":"de_DE","og_type":"article","og_title":"greeting cards - Eclectic Handcrafts","og_description":"These Greeting Cards feature unique handmade artistic designs on the outside, and a blank interior for your personal message. They come in a surprise 5 Card box packed with unique designs. Each card is a monoprint, meaning that no two cards are exactly alike. You will always get a one-of-a-kind selection that reflects individuality and creativity.","og_url":"https:\/\/eclectic-handcrafts.de\/de\/produkt\/note-card\/","og_site_name":"Eclectic Handcrafts","article_modified_time":"2026-03-23T11:55:20+00:00","og_image":[{"width":600,"height":800,"url":"https:\/\/eclectic-handcrafts.de\/wp-content\/uploads\/2023\/06\/Note-Card-11.jpg","type":"image\/jpeg"}],"twitter_card":"summary_large_image","schema":{"@context":"https:\/\/schema.org","@graph":[{"@type":"WebPage","@id":"https:\/\/eclectic-handcrafts.de\/product\/note-card\/","url":"https:\/\/eclectic-handcrafts.de\/product\/note-card\/","name":"greeting cards - Eclectic Handcrafts","isPartOf":{"@id":"https:\/\/eclectic-handcrafts.de\/#website"},"primaryImageOfPage":{"@id":"https:\/\/eclectic-handcrafts.de\/product\/note-card\/#primaryimage"},"image":{"@id":"https:\/\/eclectic-handcrafts.de\/product\/note-card\/#primaryimage"},"thumbnailUrl":"https:\/\/eclectic-handcrafts.de\/wp-content\/uploads\/2023\/06\/Note-Card-11.jpg","datePublished":"2023-06-13T18:57:30+00:00","dateModified":"2026-03-23T11:55:20+00:00","breadcrumb":{"@id":"https:\/\/eclectic-handcrafts.de\/product\/note-card\/#breadcrumb"},"inLanguage":"de","potentialAction":[{"@type":"ReadAction","target":["https:\/\/eclectic-handcrafts.de\/product\/note-card\/"]}]},{"@type":"ImageObject","inLanguage":"de","@id":"https:\/\/eclectic-handcrafts.de\/product\/note-card\/#primaryimage","url":"https:\/\/eclectic-handcrafts.de\/wp-content\/uploads\/2023\/06\/Note-Card-11.jpg","contentUrl":"https:\/\/eclectic-handcrafts.de\/wp-content\/uploads\/2023\/06\/Note-Card-11.jpg","width":600,"height":800},{"@type":"BreadcrumbList","@id":"https:\/\/eclectic-handcrafts.de\/product\/note-card\/#breadcrumb","itemListElement":[{"@type":"ListItem","position":1,"name":"Home","item":"https:\/\/eclectic-handcrafts.de\/"},{"@type":"ListItem","position":2,"name":"Shop","item":"https:\/\/eclectic-handcrafts.de\/shop\/"},{"@type":"ListItem","position":3,"name":"greeting cards"}]},{"@type":"WebSite","@id":"https:\/\/eclectic-handcrafts.de\/#website","url":"https:\/\/eclectic-handcrafts.de\/","name":"Eclectic Handcrafts","description":"By Claudia","publisher":{"@id":"https:\/\/eclectic-handcrafts.de\/#organization"},"potentialAction":[{"@type":"SearchAction","target":{"@type":"EntryPoint","urlTemplate":"https:\/\/eclectic-handcrafts.de\/?s={search_term_string}"},"query-input":{"@type":"PropertyValueSpecification","valueRequired":true,"valueName":"search_term_string"}}],"inLanguage":"de"},{"@type":"Organization","@id":"https:\/\/eclectic-handcrafts.de\/#organization","name":"Eclectic Handcrafts","url":"https:\/\/eclectic-handcrafts.de\/","logo":{"@type":"ImageObject","inLanguage":"de","@id":"https:\/\/eclectic-handcrafts.de\/#\/schema\/logo\/image\/","url":"https:\/\/eclectic-handcrafts.de\/wp-content\/uploads\/2023\/06\/eclectic-main-logo.png","contentUrl":"https:\/\/eclectic-handcrafts.de\/wp-content\/uploads\/2023\/06\/eclectic-main-logo.png","width":290,"height":300,"caption":"Eclectic Handcrafts"},"image":{"@id":"https:\/\/eclectic-handcrafts.de\/#\/schema\/logo\/image\/"}}]}},"_links":{"self":[{"href":"https:\/\/eclectic-handcrafts.de\/de\/wp-json\/wp\/v2\/product\/133","targetHints":{"allow":["GET"]}}],"collection":[{"href":"https:\/\/eclectic-handcrafts.de\/de\/wp-json\/wp\/v2\/product"}],"about":[{"href":"https:\/\/eclectic-handcrafts.de\/de\/wp-json\/wp\/v2\/types\/product"}],"replies":[{"embeddable":true,"href":"https:\/\/eclectic-handcrafts.de\/de\/wp-json\/wp\/v2\/comments?post=133"}],"wp:featuredmedia":[{"embeddable":true,"href":"https:\/\/eclectic-handcrafts.de\/de\/wp-json\/wp\/v2\/media\/747"}],"wp:attachment":[{"href":"https:\/\/eclectic-handcrafts.de\/de\/wp-json\/wp\/v2\/media?parent=133"}],"wp:term":[{"taxonomy":"product_brand","embeddable":true,"href":"https:\/\/eclectic-handcrafts.de\/de\/wp-json\/wp\/v2\/product_brand?post=133"},{"taxonomy":"product_cat","embeddable":true,"href":"https:\/\/eclectic-handcrafts.de\/de\/wp-json\/wp\/v2\/product_cat?post=133"},{"taxonomy":"product_tag","embeddable":true,"href":"https:\/\/eclectic-handcrafts.de\/de\/wp-json\/wp\/v2\/product_tag?post=133"}],"curies":[{"name":"wp","href":"https:\/\/api.w.org\/{rel}","templated":true}]}}