{"id":135,"date":"2023-06-13T18:59:29","date_gmt":"2023-06-13T18:59:29","guid":{"rendered":"https:\/\/eclectic-handcrafts.de\/?post_type=product&#038;p=135"},"modified":"2024-12-29T16:52:09","modified_gmt":"2024-12-29T16:52:09","slug":"luricocha-bookmark","status":"publish","type":"product","link":"https:\/\/eclectic-handcrafts.de\/de\/produkt\/luricocha-bookmark\/","title":{"rendered":"Luricocha bookmark"},"content":{"rendered":"<p style=\"font-weight: 400;\">Flower Power Lesezeichengr\u00f6\u00dfe: 10 cm. Umfang<\/p>\n<p style=\"font-weight: 400;\">Das weiche, 1,5 cm breite Gummiband passt auf ein 18 cm hohes Buch und kann auf bis zu 22 cm gedehnt werden.<br \/>\nEs wird in einer eleganten schwarzen Schachtel geliefert und ist ein ideales Geschenk f\u00fcr Sie selbst oder f\u00fcr alle Buchliebhaber in Ihrem Leben.<\/p>\n<p style=\"font-weight: 400;\">Gr\u00f6\u00dfe der Schachtel: 20 cm \/ 10,5 cm \/ 1,5 cm<\/p>\n<p style=\"font-weight: 400;\">Die Farben k\u00f6nnen leicht von der Abbildung abweichen, da der Stoff manchmal leicht schattiert ist, und da jedes Produkt handgefertigt ist, k\u00f6nnen die Stiche in der Dicke etwas variieren, aber immer so, dass die \u00c4hnlichkeit mit dem Katalogfoto erhalten bleibt. Sie werden sie trotzdem lieben!<\/p>","protected":false},"excerpt":{"rendered":"<p>Dieses runde 10 cm lange St\u00fcck Filz erwacht durch die lebendigen Wollf\u00e4den, die sorgf\u00e4ltig von Hand gestickt werden, zum Leben. Dieses Lesezeichen tr\u00e4gt die Essenz der farbenfrohen gestickten Kunsthandwerksprodukte in sich, die ich auf den M\u00e4rkten von Ayacucho entdeckt habe, ein Tribut an die Sch\u00f6nheit, die mein Herz erobert hat.<\/p>\n<p>Jedes meiner St\u00fccke wird mit Liebe und Sorgfalt gestickt, wobei ich traditionelle Sticktechniken aus Ayacucho verwende, die seine Einzigartigkeit und seinen Charme gew\u00e4hrleisten. Der Name dieses Lesezeichenmodells ist inspiriert von den Namen einiger kleiner St\u00e4dte und D\u00f6rfer in Ayacucho.<\/p>\n<p>Ein Buch ohne Lesezeichen ist wie ein Leben ohne Seele, lass mich deiner Lesesammlung ein wenig Seele geben.<\/p>","protected":false},"featured_media":794,"comment_status":"open","ping_status":"closed","template":"","meta":[],"product_brand":[],"product_cat":[22],"product_tag":[],"class_list":{"0":"post-135","1":"product","2":"type-product","3":"status-publish","4":"has-post-thumbnail","6":"product_cat-flower-power","8":"first","9":"instock","10":"shipping-taxable","11":"purchasable","12":"product-type-simple"},"yoast_head":"<!-- This site is optimized with the Yoast SEO plugin v27.3 - https:\/\/yoast.com\/product\/yoast-seo-wordpress\/ -->\n<title>Luricocha bookmark - Eclectic Handcrafts<\/title>\n<meta name=\"robots\" content=\"index, follow, max-snippet:-1, max-image-preview:large, max-video-preview:-1\" \/>\n<link rel=\"canonical\" href=\"https:\/\/eclectic-handcrafts.de\/de\/produkt\/luricocha-bookmark\/\" \/>\n<meta property=\"og:locale\" content=\"de_DE\" \/>\n<meta property=\"og:type\" content=\"article\" \/>\n<meta property=\"og:title\" content=\"Luricocha bookmark - Eclectic Handcrafts\" \/>\n<meta property=\"og:description\" content=\"The round piece of felt of 10 cm is hand-embroidered with bright and colourful wool threads. This bookmark is inspired by the embroidered flowers I saw in the artisan markets in Ayacucho, Peru.  All my pieces are embroidered with care and dedication to detail, applying the typical stitches of the Ayacucho embroidery, to ensure it is unique and special. The names of these bookmark models are inspired by the names of some cities and small towns in Ayacucho.  All my pieces are made in Germany, with Peruvian love.\" \/>\n<meta property=\"og:url\" content=\"https:\/\/eclectic-handcrafts.de\/de\/produkt\/luricocha-bookmark\/\" \/>\n<meta property=\"og:site_name\" content=\"Eclectic Handcrafts\" \/>\n<meta property=\"article:modified_time\" content=\"2024-12-29T16:52:09+00:00\" \/>\n<meta property=\"og:image\" content=\"https:\/\/eclectic-handcrafts.de\/wp-content\/uploads\/2023\/06\/Luricocha-1.jpg\" \/>\n\t<meta property=\"og:image:width\" content=\"600\" \/>\n\t<meta property=\"og:image:height\" content=\"800\" \/>\n\t<meta property=\"og:image:type\" content=\"image\/jpeg\" \/>\n<meta name=\"twitter:card\" content=\"summary_large_image\" \/>\n<meta name=\"twitter:label1\" content=\"Gesch\u00e4tzte Lesezeit\" \/>\n\t<meta name=\"twitter:data1\" content=\"1\u00a0Minute\" \/>\n<script type=\"application\/ld+json\" class=\"yoast-schema-graph\">{\"@context\":\"https:\\\/\\\/schema.org\",\"@graph\":[{\"@type\":\"WebPage\",\"@id\":\"https:\\\/\\\/eclectic-handcrafts.de\\\/product\\\/luricocha-bookmark\\\/\",\"url\":\"https:\\\/\\\/eclectic-handcrafts.de\\\/product\\\/luricocha-bookmark\\\/\",\"name\":\"Luricocha bookmark - Eclectic Handcrafts\",\"isPartOf\":{\"@id\":\"https:\\\/\\\/eclectic-handcrafts.de\\\/#website\"},\"primaryImageOfPage\":{\"@id\":\"https:\\\/\\\/eclectic-handcrafts.de\\\/product\\\/luricocha-bookmark\\\/#primaryimage\"},\"image\":{\"@id\":\"https:\\\/\\\/eclectic-handcrafts.de\\\/product\\\/luricocha-bookmark\\\/#primaryimage\"},\"thumbnailUrl\":\"https:\\\/\\\/eclectic-handcrafts.de\\\/wp-content\\\/uploads\\\/2023\\\/06\\\/Luricocha-1.jpg\",\"datePublished\":\"2023-06-13T18:59:29+00:00\",\"dateModified\":\"2024-12-29T16:52:09+00:00\",\"breadcrumb\":{\"@id\":\"https:\\\/\\\/eclectic-handcrafts.de\\\/product\\\/luricocha-bookmark\\\/#breadcrumb\"},\"inLanguage\":\"de\",\"potentialAction\":[{\"@type\":\"ReadAction\",\"target\":[\"https:\\\/\\\/eclectic-handcrafts.de\\\/product\\\/luricocha-bookmark\\\/\"]}]},{\"@type\":\"ImageObject\",\"inLanguage\":\"de\",\"@id\":\"https:\\\/\\\/eclectic-handcrafts.de\\\/product\\\/luricocha-bookmark\\\/#primaryimage\",\"url\":\"https:\\\/\\\/eclectic-handcrafts.de\\\/wp-content\\\/uploads\\\/2023\\\/06\\\/Luricocha-1.jpg\",\"contentUrl\":\"https:\\\/\\\/eclectic-handcrafts.de\\\/wp-content\\\/uploads\\\/2023\\\/06\\\/Luricocha-1.jpg\",\"width\":600,\"height\":800},{\"@type\":\"BreadcrumbList\",\"@id\":\"https:\\\/\\\/eclectic-handcrafts.de\\\/product\\\/luricocha-bookmark\\\/#breadcrumb\",\"itemListElement\":[{\"@type\":\"ListItem\",\"position\":1,\"name\":\"Home\",\"item\":\"https:\\\/\\\/eclectic-handcrafts.de\\\/\"},{\"@type\":\"ListItem\",\"position\":2,\"name\":\"Shop\",\"item\":\"https:\\\/\\\/eclectic-handcrafts.de\\\/shop\\\/\"},{\"@type\":\"ListItem\",\"position\":3,\"name\":\"Luricocha bookmark\"}]},{\"@type\":\"WebSite\",\"@id\":\"https:\\\/\\\/eclectic-handcrafts.de\\\/#website\",\"url\":\"https:\\\/\\\/eclectic-handcrafts.de\\\/\",\"name\":\"Eclectic Handcrafts\",\"description\":\"By Claudia\",\"publisher\":{\"@id\":\"https:\\\/\\\/eclectic-handcrafts.de\\\/#organization\"},\"potentialAction\":[{\"@type\":\"SearchAction\",\"target\":{\"@type\":\"EntryPoint\",\"urlTemplate\":\"https:\\\/\\\/eclectic-handcrafts.de\\\/?s={search_term_string}\"},\"query-input\":{\"@type\":\"PropertyValueSpecification\",\"valueRequired\":true,\"valueName\":\"search_term_string\"}}],\"inLanguage\":\"de\"},{\"@type\":\"Organization\",\"@id\":\"https:\\\/\\\/eclectic-handcrafts.de\\\/#organization\",\"name\":\"Eclectic Handcrafts\",\"url\":\"https:\\\/\\\/eclectic-handcrafts.de\\\/\",\"logo\":{\"@type\":\"ImageObject\",\"inLanguage\":\"de\",\"@id\":\"https:\\\/\\\/eclectic-handcrafts.de\\\/#\\\/schema\\\/logo\\\/image\\\/\",\"url\":\"https:\\\/\\\/eclectic-handcrafts.de\\\/wp-content\\\/uploads\\\/2023\\\/06\\\/eclectic-main-logo.png\",\"contentUrl\":\"https:\\\/\\\/eclectic-handcrafts.de\\\/wp-content\\\/uploads\\\/2023\\\/06\\\/eclectic-main-logo.png\",\"width\":290,\"height\":300,\"caption\":\"Eclectic Handcrafts\"},\"image\":{\"@id\":\"https:\\\/\\\/eclectic-handcrafts.de\\\/#\\\/schema\\\/logo\\\/image\\\/\"}}]}<\/script>\n<!-- \/ Yoast SEO plugin. -->","yoast_head_json":{"title":"Luricocha bookmark - Eclectic Handcrafts","robots":{"index":"index","follow":"follow","max-snippet":"max-snippet:-1","max-image-preview":"max-image-preview:large","max-video-preview":"max-video-preview:-1"},"canonical":"https:\/\/eclectic-handcrafts.de\/de\/produkt\/luricocha-bookmark\/","og_locale":"de_DE","og_type":"article","og_title":"Luricocha bookmark - Eclectic Handcrafts","og_description":"The round piece of felt of 10 cm is hand-embroidered with bright and colourful wool threads. This bookmark is inspired by the embroidered flowers I saw in the artisan markets in Ayacucho, Peru.  All my pieces are embroidered with care and dedication to detail, applying the typical stitches of the Ayacucho embroidery, to ensure it is unique and special. The names of these bookmark models are inspired by the names of some cities and small towns in Ayacucho.  All my pieces are made in Germany, with Peruvian love.","og_url":"https:\/\/eclectic-handcrafts.de\/de\/produkt\/luricocha-bookmark\/","og_site_name":"Eclectic Handcrafts","article_modified_time":"2024-12-29T16:52:09+00:00","og_image":[{"width":600,"height":800,"url":"https:\/\/eclectic-handcrafts.de\/wp-content\/uploads\/2023\/06\/Luricocha-1.jpg","type":"image\/jpeg"}],"twitter_card":"summary_large_image","twitter_misc":{"Gesch\u00e4tzte Lesezeit":"1\u00a0Minute"},"schema":{"@context":"https:\/\/schema.org","@graph":[{"@type":"WebPage","@id":"https:\/\/eclectic-handcrafts.de\/product\/luricocha-bookmark\/","url":"https:\/\/eclectic-handcrafts.de\/product\/luricocha-bookmark\/","name":"Luricocha bookmark - Eclectic Handcrafts","isPartOf":{"@id":"https:\/\/eclectic-handcrafts.de\/#website"},"primaryImageOfPage":{"@id":"https:\/\/eclectic-handcrafts.de\/product\/luricocha-bookmark\/#primaryimage"},"image":{"@id":"https:\/\/eclectic-handcrafts.de\/product\/luricocha-bookmark\/#primaryimage"},"thumbnailUrl":"https:\/\/eclectic-handcrafts.de\/wp-content\/uploads\/2023\/06\/Luricocha-1.jpg","datePublished":"2023-06-13T18:59:29+00:00","dateModified":"2024-12-29T16:52:09+00:00","breadcrumb":{"@id":"https:\/\/eclectic-handcrafts.de\/product\/luricocha-bookmark\/#breadcrumb"},"inLanguage":"de","potentialAction":[{"@type":"ReadAction","target":["https:\/\/eclectic-handcrafts.de\/product\/luricocha-bookmark\/"]}]},{"@type":"ImageObject","inLanguage":"de","@id":"https:\/\/eclectic-handcrafts.de\/product\/luricocha-bookmark\/#primaryimage","url":"https:\/\/eclectic-handcrafts.de\/wp-content\/uploads\/2023\/06\/Luricocha-1.jpg","contentUrl":"https:\/\/eclectic-handcrafts.de\/wp-content\/uploads\/2023\/06\/Luricocha-1.jpg","width":600,"height":800},{"@type":"BreadcrumbList","@id":"https:\/\/eclectic-handcrafts.de\/product\/luricocha-bookmark\/#breadcrumb","itemListElement":[{"@type":"ListItem","position":1,"name":"Home","item":"https:\/\/eclectic-handcrafts.de\/"},{"@type":"ListItem","position":2,"name":"Shop","item":"https:\/\/eclectic-handcrafts.de\/shop\/"},{"@type":"ListItem","position":3,"name":"Luricocha bookmark"}]},{"@type":"WebSite","@id":"https:\/\/eclectic-handcrafts.de\/#website","url":"https:\/\/eclectic-handcrafts.de\/","name":"Eclectic Handcrafts","description":"By Claudia","publisher":{"@id":"https:\/\/eclectic-handcrafts.de\/#organization"},"potentialAction":[{"@type":"SearchAction","target":{"@type":"EntryPoint","urlTemplate":"https:\/\/eclectic-handcrafts.de\/?s={search_term_string}"},"query-input":{"@type":"PropertyValueSpecification","valueRequired":true,"valueName":"search_term_string"}}],"inLanguage":"de"},{"@type":"Organization","@id":"https:\/\/eclectic-handcrafts.de\/#organization","name":"Eclectic Handcrafts","url":"https:\/\/eclectic-handcrafts.de\/","logo":{"@type":"ImageObject","inLanguage":"de","@id":"https:\/\/eclectic-handcrafts.de\/#\/schema\/logo\/image\/","url":"https:\/\/eclectic-handcrafts.de\/wp-content\/uploads\/2023\/06\/eclectic-main-logo.png","contentUrl":"https:\/\/eclectic-handcrafts.de\/wp-content\/uploads\/2023\/06\/eclectic-main-logo.png","width":290,"height":300,"caption":"Eclectic Handcrafts"},"image":{"@id":"https:\/\/eclectic-handcrafts.de\/#\/schema\/logo\/image\/"}}]}},"_links":{"self":[{"href":"https:\/\/eclectic-handcrafts.de\/de\/wp-json\/wp\/v2\/product\/135","targetHints":{"allow":["GET"]}}],"collection":[{"href":"https:\/\/eclectic-handcrafts.de\/de\/wp-json\/wp\/v2\/product"}],"about":[{"href":"https:\/\/eclectic-handcrafts.de\/de\/wp-json\/wp\/v2\/types\/product"}],"replies":[{"embeddable":true,"href":"https:\/\/eclectic-handcrafts.de\/de\/wp-json\/wp\/v2\/comments?post=135"}],"wp:featuredmedia":[{"embeddable":true,"href":"https:\/\/eclectic-handcrafts.de\/de\/wp-json\/wp\/v2\/media\/794"}],"wp:attachment":[{"href":"https:\/\/eclectic-handcrafts.de\/de\/wp-json\/wp\/v2\/media?parent=135"}],"wp:term":[{"taxonomy":"product_brand","embeddable":true,"href":"https:\/\/eclectic-handcrafts.de\/de\/wp-json\/wp\/v2\/product_brand?post=135"},{"taxonomy":"product_cat","embeddable":true,"href":"https:\/\/eclectic-handcrafts.de\/de\/wp-json\/wp\/v2\/product_cat?post=135"},{"taxonomy":"product_tag","embeddable":true,"href":"https:\/\/eclectic-handcrafts.de\/de\/wp-json\/wp\/v2\/product_tag?post=135"}],"curies":[{"name":"wp","href":"https:\/\/api.w.org\/{rel}","templated":true}]}}