{"id":1302,"date":"2023-11-12T22:10:16","date_gmt":"2023-11-12T22:10:16","guid":{"rendered":"https:\/\/eclectic-handcrafts.de\/?post_type=product&#038;p=1302"},"modified":"2026-04-08T11:25:18","modified_gmt":"2026-04-08T11:25:18","slug":"floral-adorned-embroidered-boots","status":"publish","type":"product","link":"https:\/\/eclectic-handcrafts.de\/es\/producto\/floral-adorned-embroidered-boots\/","title":{"rendered":"Bota con flores bordadas"},"content":{"rendered":"<p><strong>Tama\u00f1o:<\/strong> 35 cm de alto por 25 cm en la base.<\/p>\n<p><strong>Material:<\/strong> fieltro acr\u00edlico con una tela interior de algod\u00f3n. Bordado con hilos de lana.<\/p>\n<p><strong>Colores:<\/strong><\/p>\n<ul>\n<li>Bota beige con flores en tonos tierra.<\/li>\n<li>Bota blanca con flores rojas.<\/li>\n<li>Bota roja con flores beige.<\/li>\n<\/ul>\n<p><strong>La bota se puede personalizar con un nombre.<\/strong><\/p>","protected":false},"excerpt":{"rendered":"<p><strong>Bota con flores bordadas:<\/strong> Experimenta la belleza de la t\u00e9cnica del bordado ayacuchano exhibida en estos encantadores adornos en forma de botas de tama\u00f1o grande. Estas piezas \u00fanicas capturan la esencia de la artesan\u00eda peruana y son impresionantes decoraciones o regalos personalizados. Se pueden colgar y en el interior se pueden colocar algunos regalos especiales.<\/p>","protected":false},"featured_media":1306,"comment_status":"open","ping_status":"closed","template":"","meta":[],"product_brand":[],"product_cat":[30],"product_tag":[],"class_list":{"0":"post-1302","1":"product","2":"type-product","3":"status-publish","4":"has-post-thumbnail","6":"product_cat-seasonal-findings","8":"first","9":"instock","10":"shipping-taxable","11":"purchasable","12":"product-type-variable"},"yoast_head":"<!-- This site is optimized with the Yoast SEO plugin v27.3 - https:\/\/yoast.com\/product\/yoast-seo-wordpress\/ -->\n<title>Floral-Adorned Embroidered Boots - Eclectic Handcrafts<\/title>\n<meta name=\"robots\" content=\"index, follow, max-snippet:-1, max-image-preview:large, max-video-preview:-1\" \/>\n<link rel=\"canonical\" href=\"https:\/\/eclectic-handcrafts.de\/es\/producto\/floral-adorned-embroidered-boots\/\" \/>\n<meta property=\"og:locale\" content=\"es_ES\" \/>\n<meta property=\"og:type\" content=\"article\" \/>\n<meta property=\"og:title\" content=\"Floral-Adorned Embroidered Boots - Eclectic Handcrafts\" \/>\n<meta property=\"og:description\" content=\"Floral-Adorned Embroidered Boots: Experience the beauty of Ayacucho&#039;s intricate embroidery techniques showcased in these charming long size boot-shaped ornaments, delicately adorned with vibrant flowers. These unique pieces capture the essence of Peruvian artistry and make for stunning decorations or thoughtful gifts. They can be hanged, and in the inside, some special presents can be placed.\" \/>\n<meta property=\"og:url\" content=\"https:\/\/eclectic-handcrafts.de\/es\/producto\/floral-adorned-embroidered-boots\/\" \/>\n<meta property=\"og:site_name\" content=\"Eclectic Handcrafts\" \/>\n<meta property=\"article:modified_time\" content=\"2026-04-08T11:25:18+00:00\" \/>\n<meta property=\"og:image\" content=\"https:\/\/eclectic-handcrafts.de\/wp-content\/uploads\/2023\/11\/pro-YH89MnXl-1-scaled.jpeg\" \/>\n\t<meta property=\"og:image:width\" content=\"1920\" \/>\n\t<meta property=\"og:image:height\" content=\"2560\" \/>\n\t<meta property=\"og:image:type\" content=\"image\/jpeg\" \/>\n<meta name=\"twitter:card\" content=\"summary_large_image\" \/>\n<script type=\"application\/ld+json\" class=\"yoast-schema-graph\">{\"@context\":\"https:\\\/\\\/schema.org\",\"@graph\":[{\"@type\":\"WebPage\",\"@id\":\"https:\\\/\\\/eclectic-handcrafts.de\\\/product\\\/floral-adorned-embroidered-boots\\\/\",\"url\":\"https:\\\/\\\/eclectic-handcrafts.de\\\/product\\\/floral-adorned-embroidered-boots\\\/\",\"name\":\"Floral-Adorned Embroidered Boots - Eclectic Handcrafts\",\"isPartOf\":{\"@id\":\"https:\\\/\\\/eclectic-handcrafts.de\\\/#website\"},\"primaryImageOfPage\":{\"@id\":\"https:\\\/\\\/eclectic-handcrafts.de\\\/product\\\/floral-adorned-embroidered-boots\\\/#primaryimage\"},\"image\":{\"@id\":\"https:\\\/\\\/eclectic-handcrafts.de\\\/product\\\/floral-adorned-embroidered-boots\\\/#primaryimage\"},\"thumbnailUrl\":\"https:\\\/\\\/eclectic-handcrafts.de\\\/wp-content\\\/uploads\\\/2023\\\/11\\\/pro-YH89MnXl-1-scaled.jpeg\",\"datePublished\":\"2023-11-12T22:10:16+00:00\",\"dateModified\":\"2026-04-08T11:25:18+00:00\",\"breadcrumb\":{\"@id\":\"https:\\\/\\\/eclectic-handcrafts.de\\\/product\\\/floral-adorned-embroidered-boots\\\/#breadcrumb\"},\"inLanguage\":\"es\",\"potentialAction\":[{\"@type\":\"ReadAction\",\"target\":[\"https:\\\/\\\/eclectic-handcrafts.de\\\/product\\\/floral-adorned-embroidered-boots\\\/\"]}]},{\"@type\":\"ImageObject\",\"inLanguage\":\"es\",\"@id\":\"https:\\\/\\\/eclectic-handcrafts.de\\\/product\\\/floral-adorned-embroidered-boots\\\/#primaryimage\",\"url\":\"https:\\\/\\\/eclectic-handcrafts.de\\\/wp-content\\\/uploads\\\/2023\\\/11\\\/pro-YH89MnXl-1-scaled.jpeg\",\"contentUrl\":\"https:\\\/\\\/eclectic-handcrafts.de\\\/wp-content\\\/uploads\\\/2023\\\/11\\\/pro-YH89MnXl-1-scaled.jpeg\",\"width\":1920,\"height\":2560},{\"@type\":\"BreadcrumbList\",\"@id\":\"https:\\\/\\\/eclectic-handcrafts.de\\\/product\\\/floral-adorned-embroidered-boots\\\/#breadcrumb\",\"itemListElement\":[{\"@type\":\"ListItem\",\"position\":1,\"name\":\"Home\",\"item\":\"https:\\\/\\\/eclectic-handcrafts.de\\\/\"},{\"@type\":\"ListItem\",\"position\":2,\"name\":\"Shop\",\"item\":\"https:\\\/\\\/eclectic-handcrafts.de\\\/shop\\\/\"},{\"@type\":\"ListItem\",\"position\":3,\"name\":\"Floral-Adorned Embroidered Boots\"}]},{\"@type\":\"WebSite\",\"@id\":\"https:\\\/\\\/eclectic-handcrafts.de\\\/#website\",\"url\":\"https:\\\/\\\/eclectic-handcrafts.de\\\/\",\"name\":\"Eclectic Handcrafts\",\"description\":\"By Claudia\",\"publisher\":{\"@id\":\"https:\\\/\\\/eclectic-handcrafts.de\\\/#organization\"},\"potentialAction\":[{\"@type\":\"SearchAction\",\"target\":{\"@type\":\"EntryPoint\",\"urlTemplate\":\"https:\\\/\\\/eclectic-handcrafts.de\\\/?s={search_term_string}\"},\"query-input\":{\"@type\":\"PropertyValueSpecification\",\"valueRequired\":true,\"valueName\":\"search_term_string\"}}],\"inLanguage\":\"es\"},{\"@type\":\"Organization\",\"@id\":\"https:\\\/\\\/eclectic-handcrafts.de\\\/#organization\",\"name\":\"Eclectic Handcrafts\",\"url\":\"https:\\\/\\\/eclectic-handcrafts.de\\\/\",\"logo\":{\"@type\":\"ImageObject\",\"inLanguage\":\"es\",\"@id\":\"https:\\\/\\\/eclectic-handcrafts.de\\\/#\\\/schema\\\/logo\\\/image\\\/\",\"url\":\"https:\\\/\\\/eclectic-handcrafts.de\\\/wp-content\\\/uploads\\\/2023\\\/06\\\/eclectic-main-logo.png\",\"contentUrl\":\"https:\\\/\\\/eclectic-handcrafts.de\\\/wp-content\\\/uploads\\\/2023\\\/06\\\/eclectic-main-logo.png\",\"width\":290,\"height\":300,\"caption\":\"Eclectic Handcrafts\"},\"image\":{\"@id\":\"https:\\\/\\\/eclectic-handcrafts.de\\\/#\\\/schema\\\/logo\\\/image\\\/\"}}]}<\/script>\n<!-- \/ Yoast SEO plugin. -->","yoast_head_json":{"title":"Floral-Adorned Embroidered Boots - Eclectic Handcrafts","robots":{"index":"index","follow":"follow","max-snippet":"max-snippet:-1","max-image-preview":"max-image-preview:large","max-video-preview":"max-video-preview:-1"},"canonical":"https:\/\/eclectic-handcrafts.de\/es\/producto\/floral-adorned-embroidered-boots\/","og_locale":"es_ES","og_type":"article","og_title":"Floral-Adorned Embroidered Boots - Eclectic Handcrafts","og_description":"Floral-Adorned Embroidered Boots: Experience the beauty of Ayacucho's intricate embroidery techniques showcased in these charming long size boot-shaped ornaments, delicately adorned with vibrant flowers. These unique pieces capture the essence of Peruvian artistry and make for stunning decorations or thoughtful gifts. They can be hanged, and in the inside, some special presents can be placed.","og_url":"https:\/\/eclectic-handcrafts.de\/es\/producto\/floral-adorned-embroidered-boots\/","og_site_name":"Eclectic Handcrafts","article_modified_time":"2026-04-08T11:25:18+00:00","og_image":[{"width":1920,"height":2560,"url":"https:\/\/eclectic-handcrafts.de\/wp-content\/uploads\/2023\/11\/pro-YH89MnXl-1-scaled.jpeg","type":"image\/jpeg"}],"twitter_card":"summary_large_image","schema":{"@context":"https:\/\/schema.org","@graph":[{"@type":"WebPage","@id":"https:\/\/eclectic-handcrafts.de\/product\/floral-adorned-embroidered-boots\/","url":"https:\/\/eclectic-handcrafts.de\/product\/floral-adorned-embroidered-boots\/","name":"Floral-Adorned Embroidered Boots - Eclectic Handcrafts","isPartOf":{"@id":"https:\/\/eclectic-handcrafts.de\/#website"},"primaryImageOfPage":{"@id":"https:\/\/eclectic-handcrafts.de\/product\/floral-adorned-embroidered-boots\/#primaryimage"},"image":{"@id":"https:\/\/eclectic-handcrafts.de\/product\/floral-adorned-embroidered-boots\/#primaryimage"},"thumbnailUrl":"https:\/\/eclectic-handcrafts.de\/wp-content\/uploads\/2023\/11\/pro-YH89MnXl-1-scaled.jpeg","datePublished":"2023-11-12T22:10:16+00:00","dateModified":"2026-04-08T11:25:18+00:00","breadcrumb":{"@id":"https:\/\/eclectic-handcrafts.de\/product\/floral-adorned-embroidered-boots\/#breadcrumb"},"inLanguage":"es","potentialAction":[{"@type":"ReadAction","target":["https:\/\/eclectic-handcrafts.de\/product\/floral-adorned-embroidered-boots\/"]}]},{"@type":"ImageObject","inLanguage":"es","@id":"https:\/\/eclectic-handcrafts.de\/product\/floral-adorned-embroidered-boots\/#primaryimage","url":"https:\/\/eclectic-handcrafts.de\/wp-content\/uploads\/2023\/11\/pro-YH89MnXl-1-scaled.jpeg","contentUrl":"https:\/\/eclectic-handcrafts.de\/wp-content\/uploads\/2023\/11\/pro-YH89MnXl-1-scaled.jpeg","width":1920,"height":2560},{"@type":"BreadcrumbList","@id":"https:\/\/eclectic-handcrafts.de\/product\/floral-adorned-embroidered-boots\/#breadcrumb","itemListElement":[{"@type":"ListItem","position":1,"name":"Home","item":"https:\/\/eclectic-handcrafts.de\/"},{"@type":"ListItem","position":2,"name":"Shop","item":"https:\/\/eclectic-handcrafts.de\/shop\/"},{"@type":"ListItem","position":3,"name":"Floral-Adorned Embroidered Boots"}]},{"@type":"WebSite","@id":"https:\/\/eclectic-handcrafts.de\/#website","url":"https:\/\/eclectic-handcrafts.de\/","name":"Eclectic Handcrafts","description":"By Claudia","publisher":{"@id":"https:\/\/eclectic-handcrafts.de\/#organization"},"potentialAction":[{"@type":"SearchAction","target":{"@type":"EntryPoint","urlTemplate":"https:\/\/eclectic-handcrafts.de\/?s={search_term_string}"},"query-input":{"@type":"PropertyValueSpecification","valueRequired":true,"valueName":"search_term_string"}}],"inLanguage":"es"},{"@type":"Organization","@id":"https:\/\/eclectic-handcrafts.de\/#organization","name":"Eclectic Handcrafts","url":"https:\/\/eclectic-handcrafts.de\/","logo":{"@type":"ImageObject","inLanguage":"es","@id":"https:\/\/eclectic-handcrafts.de\/#\/schema\/logo\/image\/","url":"https:\/\/eclectic-handcrafts.de\/wp-content\/uploads\/2023\/06\/eclectic-main-logo.png","contentUrl":"https:\/\/eclectic-handcrafts.de\/wp-content\/uploads\/2023\/06\/eclectic-main-logo.png","width":290,"height":300,"caption":"Eclectic Handcrafts"},"image":{"@id":"https:\/\/eclectic-handcrafts.de\/#\/schema\/logo\/image\/"}}]}},"_links":{"self":[{"href":"https:\/\/eclectic-handcrafts.de\/es\/wp-json\/wp\/v2\/product\/1302","targetHints":{"allow":["GET"]}}],"collection":[{"href":"https:\/\/eclectic-handcrafts.de\/es\/wp-json\/wp\/v2\/product"}],"about":[{"href":"https:\/\/eclectic-handcrafts.de\/es\/wp-json\/wp\/v2\/types\/product"}],"replies":[{"embeddable":true,"href":"https:\/\/eclectic-handcrafts.de\/es\/wp-json\/wp\/v2\/comments?post=1302"}],"wp:featuredmedia":[{"embeddable":true,"href":"https:\/\/eclectic-handcrafts.de\/es\/wp-json\/wp\/v2\/media\/1306"}],"wp:attachment":[{"href":"https:\/\/eclectic-handcrafts.de\/es\/wp-json\/wp\/v2\/media?parent=1302"}],"wp:term":[{"taxonomy":"product_brand","embeddable":true,"href":"https:\/\/eclectic-handcrafts.de\/es\/wp-json\/wp\/v2\/product_brand?post=1302"},{"taxonomy":"product_cat","embeddable":true,"href":"https:\/\/eclectic-handcrafts.de\/es\/wp-json\/wp\/v2\/product_cat?post=1302"},{"taxonomy":"product_tag","embeddable":true,"href":"https:\/\/eclectic-handcrafts.de\/es\/wp-json\/wp\/v2\/product_tag?post=1302"}],"curies":[{"name":"wp","href":"https:\/\/api.w.org\/{rel}","templated":true}]}}