{"id":141,"date":"2023-06-13T19:06:01","date_gmt":"2023-06-13T19:06:01","guid":{"rendered":"https:\/\/eclectic-handcrafts.de\/?post_type=product&#038;p=141"},"modified":"2026-03-23T11:54:28","modified_gmt":"2026-03-23T11:54:28","slug":"quinua-bookmark","status":"publish","type":"product","link":"https:\/\/eclectic-handcrafts.de\/es\/producto\/quinua-bookmark\/","title":{"rendered":"Quinua bookmark"},"content":{"rendered":"<p style=\"font-weight: 400;\">Tama\u00f1o marcap\u00e1ginas Flower Power: 10 cm. circunferencia<\/p>\n<p style=\"font-weight: 400;\">El suave el\u00e1stico de 1.5 cm de ancho se ajusta en un libro de 18 cm de alto y se puede estirar hasta 22 cm.<br \/>\nViene en una elegante caja negra, lista para regal\u00e1rtela a ti mismo o a cualquier amante de los libros en tu vida.<\/p>\n<p style=\"font-weight: 400;\">Tama\u00f1o de la caja: 20 cm \/ 10.5 cm \/ 1.5 cm.<\/p>\n<p style=\"font-weight: 400;\">Los colores pueden diferir un poco de la foto porque la tela a veces viene en un tono ligeramente diferente y, como cada producto est\u00e1 hecho a mano, las puntadas pueden o no variar un poco de tama\u00f1o.<\/p>","protected":false},"excerpt":{"rendered":"<p>Esta pieza redonda de fieltro de 10 cm cobra vida con los hilos vibrantes de lana, bordados cuidadosamente a mano. Este marcador lleva consigo la esencia de los coloridos productos artesanales bordados que descubr\u00ed en los mercados de Ayacucho, un tributo a la belleza que captur\u00f3 mi coraz\u00f3n.<\/p>\n<p>Cada una de mis piezas est\u00e1 bordada con amor y atenci\u00f3n, utilizando las t\u00e9cnicas tradicionales de bordado Ayacuchano, asegurando su singularidad y encanto. El nombre de este modelo de marcador est\u00e1 inspirado en los nombres de algunas ciudades y pueblos peque\u00f1os de Ayacucho.\nEl suave el\u00e1stico de 1.5 cm de ancho se ajusta en un libro de 18 cm de alto y se puede estirar hasta 22 cm. <br>\n\nEl marcador de libros viene en una elegante caja negra, lista para regal\u00e1rtela a ti mismo o a cualquier amante de los libros en tu vida.<\/p>\n<p>Un libro sin un marcador es como una vida sin alma, perm\u00edteme darle un poco de alma a tu colecci\u00f3n de lectura.<\/p>","protected":false},"featured_media":791,"comment_status":"open","ping_status":"closed","template":"","meta":[],"product_brand":[],"product_cat":[22],"product_tag":[],"class_list":{"0":"post-141","1":"product","2":"type-product","3":"status-publish","4":"has-post-thumbnail","6":"product_cat-flower-power","8":"first","9":"instock","10":"shipping-taxable","11":"purchasable","12":"product-type-simple"},"yoast_head":"<!-- This site is optimized with the Yoast SEO plugin v27.3 - https:\/\/yoast.com\/product\/yoast-seo-wordpress\/ -->\n<title>Quinua bookmark - Eclectic Handcrafts<\/title>\n<meta name=\"robots\" content=\"index, follow, max-snippet:-1, max-image-preview:large, max-video-preview:-1\" \/>\n<link rel=\"canonical\" href=\"https:\/\/eclectic-handcrafts.de\/es\/producto\/quinua-bookmark\/\" \/>\n<meta property=\"og:locale\" content=\"es_ES\" \/>\n<meta property=\"og:type\" content=\"article\" \/>\n<meta property=\"og:title\" content=\"Quinua bookmark - Eclectic Handcrafts\" \/>\n<meta property=\"og:description\" content=\"The round piece of felt of 10 cm is hand-embroidered with bright and colourful wool threads. This bookmark is inspired by the embroidered flowers I saw in the artisan markets in Ayacucho, Peru.  All my pieces are embroidered with care and dedication to detail, applying the typical stitches of the Ayacucho embroidery, to ensure it is unique and special. The names of these bookmark models are inspired by the names of some cities and small towns in Ayacucho.  All my pieces are made in Germany, with Peruvian love.\" \/>\n<meta property=\"og:url\" content=\"https:\/\/eclectic-handcrafts.de\/es\/producto\/quinua-bookmark\/\" \/>\n<meta property=\"og:site_name\" content=\"Eclectic Handcrafts\" \/>\n<meta property=\"article:modified_time\" content=\"2026-03-23T11:54:28+00:00\" \/>\n<meta property=\"og:image\" content=\"https:\/\/eclectic-handcrafts.de\/wp-content\/uploads\/2023\/06\/Quinua-1.jpg\" \/>\n\t<meta property=\"og:image:width\" content=\"600\" \/>\n\t<meta property=\"og:image:height\" content=\"800\" \/>\n\t<meta property=\"og:image:type\" content=\"image\/jpeg\" \/>\n<meta name=\"twitter:card\" content=\"summary_large_image\" \/>\n<meta name=\"twitter:label1\" content=\"Tiempo de lectura\" \/>\n\t<meta name=\"twitter:data1\" content=\"1 minuto\" \/>\n<script type=\"application\/ld+json\" class=\"yoast-schema-graph\">{\"@context\":\"https:\\\/\\\/schema.org\",\"@graph\":[{\"@type\":\"WebPage\",\"@id\":\"https:\\\/\\\/eclectic-handcrafts.de\\\/product\\\/quinua-bookmark\\\/\",\"url\":\"https:\\\/\\\/eclectic-handcrafts.de\\\/product\\\/quinua-bookmark\\\/\",\"name\":\"Quinua bookmark - Eclectic Handcrafts\",\"isPartOf\":{\"@id\":\"https:\\\/\\\/eclectic-handcrafts.de\\\/#website\"},\"primaryImageOfPage\":{\"@id\":\"https:\\\/\\\/eclectic-handcrafts.de\\\/product\\\/quinua-bookmark\\\/#primaryimage\"},\"image\":{\"@id\":\"https:\\\/\\\/eclectic-handcrafts.de\\\/product\\\/quinua-bookmark\\\/#primaryimage\"},\"thumbnailUrl\":\"https:\\\/\\\/eclectic-handcrafts.de\\\/wp-content\\\/uploads\\\/2023\\\/06\\\/Quinua-1.jpg\",\"datePublished\":\"2023-06-13T19:06:01+00:00\",\"dateModified\":\"2026-03-23T11:54:28+00:00\",\"breadcrumb\":{\"@id\":\"https:\\\/\\\/eclectic-handcrafts.de\\\/product\\\/quinua-bookmark\\\/#breadcrumb\"},\"inLanguage\":\"es\",\"potentialAction\":[{\"@type\":\"ReadAction\",\"target\":[\"https:\\\/\\\/eclectic-handcrafts.de\\\/product\\\/quinua-bookmark\\\/\"]}]},{\"@type\":\"ImageObject\",\"inLanguage\":\"es\",\"@id\":\"https:\\\/\\\/eclectic-handcrafts.de\\\/product\\\/quinua-bookmark\\\/#primaryimage\",\"url\":\"https:\\\/\\\/eclectic-handcrafts.de\\\/wp-content\\\/uploads\\\/2023\\\/06\\\/Quinua-1.jpg\",\"contentUrl\":\"https:\\\/\\\/eclectic-handcrafts.de\\\/wp-content\\\/uploads\\\/2023\\\/06\\\/Quinua-1.jpg\",\"width\":600,\"height\":800},{\"@type\":\"BreadcrumbList\",\"@id\":\"https:\\\/\\\/eclectic-handcrafts.de\\\/product\\\/quinua-bookmark\\\/#breadcrumb\",\"itemListElement\":[{\"@type\":\"ListItem\",\"position\":1,\"name\":\"Home\",\"item\":\"https:\\\/\\\/eclectic-handcrafts.de\\\/\"},{\"@type\":\"ListItem\",\"position\":2,\"name\":\"Shop\",\"item\":\"https:\\\/\\\/eclectic-handcrafts.de\\\/shop\\\/\"},{\"@type\":\"ListItem\",\"position\":3,\"name\":\"Quinua bookmark\"}]},{\"@type\":\"WebSite\",\"@id\":\"https:\\\/\\\/eclectic-handcrafts.de\\\/#website\",\"url\":\"https:\\\/\\\/eclectic-handcrafts.de\\\/\",\"name\":\"Eclectic Handcrafts\",\"description\":\"By Claudia\",\"publisher\":{\"@id\":\"https:\\\/\\\/eclectic-handcrafts.de\\\/#organization\"},\"potentialAction\":[{\"@type\":\"SearchAction\",\"target\":{\"@type\":\"EntryPoint\",\"urlTemplate\":\"https:\\\/\\\/eclectic-handcrafts.de\\\/?s={search_term_string}\"},\"query-input\":{\"@type\":\"PropertyValueSpecification\",\"valueRequired\":true,\"valueName\":\"search_term_string\"}}],\"inLanguage\":\"es\"},{\"@type\":\"Organization\",\"@id\":\"https:\\\/\\\/eclectic-handcrafts.de\\\/#organization\",\"name\":\"Eclectic Handcrafts\",\"url\":\"https:\\\/\\\/eclectic-handcrafts.de\\\/\",\"logo\":{\"@type\":\"ImageObject\",\"inLanguage\":\"es\",\"@id\":\"https:\\\/\\\/eclectic-handcrafts.de\\\/#\\\/schema\\\/logo\\\/image\\\/\",\"url\":\"https:\\\/\\\/eclectic-handcrafts.de\\\/wp-content\\\/uploads\\\/2023\\\/06\\\/eclectic-main-logo.png\",\"contentUrl\":\"https:\\\/\\\/eclectic-handcrafts.de\\\/wp-content\\\/uploads\\\/2023\\\/06\\\/eclectic-main-logo.png\",\"width\":290,\"height\":300,\"caption\":\"Eclectic Handcrafts\"},\"image\":{\"@id\":\"https:\\\/\\\/eclectic-handcrafts.de\\\/#\\\/schema\\\/logo\\\/image\\\/\"}}]}<\/script>\n<!-- \/ Yoast SEO plugin. -->","yoast_head_json":{"title":"Quinua bookmark - Eclectic Handcrafts","robots":{"index":"index","follow":"follow","max-snippet":"max-snippet:-1","max-image-preview":"max-image-preview:large","max-video-preview":"max-video-preview:-1"},"canonical":"https:\/\/eclectic-handcrafts.de\/es\/producto\/quinua-bookmark\/","og_locale":"es_ES","og_type":"article","og_title":"Quinua bookmark - Eclectic Handcrafts","og_description":"The round piece of felt of 10 cm is hand-embroidered with bright and colourful wool threads. This bookmark is inspired by the embroidered flowers I saw in the artisan markets in Ayacucho, Peru.  All my pieces are embroidered with care and dedication to detail, applying the typical stitches of the Ayacucho embroidery, to ensure it is unique and special. The names of these bookmark models are inspired by the names of some cities and small towns in Ayacucho.  All my pieces are made in Germany, with Peruvian love.","og_url":"https:\/\/eclectic-handcrafts.de\/es\/producto\/quinua-bookmark\/","og_site_name":"Eclectic Handcrafts","article_modified_time":"2026-03-23T11:54:28+00:00","og_image":[{"width":600,"height":800,"url":"https:\/\/eclectic-handcrafts.de\/wp-content\/uploads\/2023\/06\/Quinua-1.jpg","type":"image\/jpeg"}],"twitter_card":"summary_large_image","twitter_misc":{"Tiempo de lectura":"1 minuto"},"schema":{"@context":"https:\/\/schema.org","@graph":[{"@type":"WebPage","@id":"https:\/\/eclectic-handcrafts.de\/product\/quinua-bookmark\/","url":"https:\/\/eclectic-handcrafts.de\/product\/quinua-bookmark\/","name":"Quinua bookmark - Eclectic Handcrafts","isPartOf":{"@id":"https:\/\/eclectic-handcrafts.de\/#website"},"primaryImageOfPage":{"@id":"https:\/\/eclectic-handcrafts.de\/product\/quinua-bookmark\/#primaryimage"},"image":{"@id":"https:\/\/eclectic-handcrafts.de\/product\/quinua-bookmark\/#primaryimage"},"thumbnailUrl":"https:\/\/eclectic-handcrafts.de\/wp-content\/uploads\/2023\/06\/Quinua-1.jpg","datePublished":"2023-06-13T19:06:01+00:00","dateModified":"2026-03-23T11:54:28+00:00","breadcrumb":{"@id":"https:\/\/eclectic-handcrafts.de\/product\/quinua-bookmark\/#breadcrumb"},"inLanguage":"es","potentialAction":[{"@type":"ReadAction","target":["https:\/\/eclectic-handcrafts.de\/product\/quinua-bookmark\/"]}]},{"@type":"ImageObject","inLanguage":"es","@id":"https:\/\/eclectic-handcrafts.de\/product\/quinua-bookmark\/#primaryimage","url":"https:\/\/eclectic-handcrafts.de\/wp-content\/uploads\/2023\/06\/Quinua-1.jpg","contentUrl":"https:\/\/eclectic-handcrafts.de\/wp-content\/uploads\/2023\/06\/Quinua-1.jpg","width":600,"height":800},{"@type":"BreadcrumbList","@id":"https:\/\/eclectic-handcrafts.de\/product\/quinua-bookmark\/#breadcrumb","itemListElement":[{"@type":"ListItem","position":1,"name":"Home","item":"https:\/\/eclectic-handcrafts.de\/"},{"@type":"ListItem","position":2,"name":"Shop","item":"https:\/\/eclectic-handcrafts.de\/shop\/"},{"@type":"ListItem","position":3,"name":"Quinua bookmark"}]},{"@type":"WebSite","@id":"https:\/\/eclectic-handcrafts.de\/#website","url":"https:\/\/eclectic-handcrafts.de\/","name":"Eclectic Handcrafts","description":"By Claudia","publisher":{"@id":"https:\/\/eclectic-handcrafts.de\/#organization"},"potentialAction":[{"@type":"SearchAction","target":{"@type":"EntryPoint","urlTemplate":"https:\/\/eclectic-handcrafts.de\/?s={search_term_string}"},"query-input":{"@type":"PropertyValueSpecification","valueRequired":true,"valueName":"search_term_string"}}],"inLanguage":"es"},{"@type":"Organization","@id":"https:\/\/eclectic-handcrafts.de\/#organization","name":"Eclectic Handcrafts","url":"https:\/\/eclectic-handcrafts.de\/","logo":{"@type":"ImageObject","inLanguage":"es","@id":"https:\/\/eclectic-handcrafts.de\/#\/schema\/logo\/image\/","url":"https:\/\/eclectic-handcrafts.de\/wp-content\/uploads\/2023\/06\/eclectic-main-logo.png","contentUrl":"https:\/\/eclectic-handcrafts.de\/wp-content\/uploads\/2023\/06\/eclectic-main-logo.png","width":290,"height":300,"caption":"Eclectic Handcrafts"},"image":{"@id":"https:\/\/eclectic-handcrafts.de\/#\/schema\/logo\/image\/"}}]}},"_links":{"self":[{"href":"https:\/\/eclectic-handcrafts.de\/es\/wp-json\/wp\/v2\/product\/141","targetHints":{"allow":["GET"]}}],"collection":[{"href":"https:\/\/eclectic-handcrafts.de\/es\/wp-json\/wp\/v2\/product"}],"about":[{"href":"https:\/\/eclectic-handcrafts.de\/es\/wp-json\/wp\/v2\/types\/product"}],"replies":[{"embeddable":true,"href":"https:\/\/eclectic-handcrafts.de\/es\/wp-json\/wp\/v2\/comments?post=141"}],"wp:featuredmedia":[{"embeddable":true,"href":"https:\/\/eclectic-handcrafts.de\/es\/wp-json\/wp\/v2\/media\/791"}],"wp:attachment":[{"href":"https:\/\/eclectic-handcrafts.de\/es\/wp-json\/wp\/v2\/media?parent=141"}],"wp:term":[{"taxonomy":"product_brand","embeddable":true,"href":"https:\/\/eclectic-handcrafts.de\/es\/wp-json\/wp\/v2\/product_brand?post=141"},{"taxonomy":"product_cat","embeddable":true,"href":"https:\/\/eclectic-handcrafts.de\/es\/wp-json\/wp\/v2\/product_cat?post=141"},{"taxonomy":"product_tag","embeddable":true,"href":"https:\/\/eclectic-handcrafts.de\/es\/wp-json\/wp\/v2\/product_tag?post=141"}],"curies":[{"name":"wp","href":"https:\/\/api.w.org\/{rel}","templated":true}]}}