{"id":145,"date":"2023-06-13T19:08:52","date_gmt":"2023-06-13T19:08:52","guid":{"rendered":"https:\/\/eclectic-handcrafts.de\/?post_type=product&#038;p=145"},"modified":"2024-09-25T16:33:21","modified_gmt":"2024-09-25T16:33:21","slug":"pinky-llama","status":"publish","type":"product","link":"https:\/\/eclectic-handcrafts.de\/es\/producto\/pinky-llama\/","title":{"rendered":"Pinky llama"},"content":{"rendered":"<p style=\"font-weight: 400;\">Llama Bookmark size: 17.5 cm. x 10.5 cm<\/p>\n<p style=\"font-weight: 400;\">El suave el\u00e1stico de 1.5 cm de ancho se ajusta en un libro de 18 cm de alto y se puede estirar hasta 22 cm.<br \/>\nViene en una elegante caja negra, lista para regal\u00e1rtela a ti mismo o a cualquier amante de los libros en tu vida.<\/p>\n<p style=\"font-weight: 400;\">Tama\u00f1o de la caja: 20 cm \/ 10.5 cm \/ 1.5 cm.<\/p>\n<p style=\"font-weight: 400;\">Los colores pueden diferir un poco de la foto porque la tela a veces viene en un tono ligeramente diferente y, como cada producto est\u00e1 hecho a mano, las puntadas pueden o no variar un poco de tama\u00f1o.<\/p>","protected":false},"excerpt":{"rendered":"<p>Estos coloridos marcadores est\u00e1n hechos de fieltro y bordados con hilos de algod\u00f3n, cada detalle est\u00e1 cosido y bordado a mano. Las encantadoras y adorables llamas adornadas con flores en sus cabezas y orejas que encontr\u00e9 durante mi visita a las monta\u00f1as peruanas fueron mi inspiraci\u00f3n para estos simp\u00e1ticos marcadores. Vienen en diez colores. Cada uno de ellos est\u00e1 bordado con cuidado y dedicaci\u00f3n para asegurar que sea \u00fanico y especial.<\/p>","protected":false},"featured_media":755,"comment_status":"open","ping_status":"closed","template":"","meta":[],"product_brand":[],"product_cat":[23],"product_tag":[],"class_list":{"0":"post-145","1":"product","2":"type-product","3":"status-publish","4":"has-post-thumbnail","6":"product_cat-llama","8":"first","9":"instock","10":"shipping-taxable","11":"purchasable","12":"product-type-simple"},"yoast_head":"<!-- This site is optimized with the Yoast SEO plugin v27.3 - https:\/\/yoast.com\/product\/yoast-seo-wordpress\/ -->\n<title>Pinky llama - Eclectic Handcrafts<\/title>\n<meta name=\"robots\" content=\"index, follow, max-snippet:-1, max-image-preview:large, max-video-preview:-1\" \/>\n<link rel=\"canonical\" href=\"https:\/\/eclectic-handcrafts.de\/es\/producto\/pinky-llama\/\" \/>\n<meta property=\"og:locale\" content=\"es_ES\" \/>\n<meta property=\"og:type\" content=\"article\" \/>\n<meta property=\"og:title\" content=\"Pinky llama - Eclectic Handcrafts\" \/>\n<meta property=\"og:description\" content=\"These colourful bookmarks are made with felt and embroidered with 100% cotton threads, every detail is sawn and embroidered by hand. The charming and delightful llamas adorned with flowers on their heads and ears that I encountered during my visit to the Peruvian mountains were my inspiration for these bookmarks. They come in ten colours. Each one of my bookmarks is embroidered with care and dedication to assure that it is unique and special.\" \/>\n<meta property=\"og:url\" content=\"https:\/\/eclectic-handcrafts.de\/es\/producto\/pinky-llama\/\" \/>\n<meta property=\"og:site_name\" content=\"Eclectic Handcrafts\" \/>\n<meta property=\"article:modified_time\" content=\"2024-09-25T16:33:21+00:00\" \/>\n<meta property=\"og:image\" content=\"https:\/\/eclectic-handcrafts.de\/wp-content\/uploads\/2023\/06\/Drama-Llama-1.jpg\" \/>\n\t<meta property=\"og:image:width\" content=\"600\" \/>\n\t<meta property=\"og:image:height\" content=\"800\" \/>\n\t<meta property=\"og:image:type\" content=\"image\/jpeg\" \/>\n<meta name=\"twitter:card\" content=\"summary_large_image\" \/>\n<meta name=\"twitter:label1\" content=\"Tiempo de lectura\" \/>\n\t<meta name=\"twitter:data1\" content=\"1 minuto\" \/>\n<script type=\"application\/ld+json\" class=\"yoast-schema-graph\">{\"@context\":\"https:\\\/\\\/schema.org\",\"@graph\":[{\"@type\":\"WebPage\",\"@id\":\"https:\\\/\\\/eclectic-handcrafts.de\\\/product\\\/pinky-llama\\\/\",\"url\":\"https:\\\/\\\/eclectic-handcrafts.de\\\/product\\\/pinky-llama\\\/\",\"name\":\"Pinky llama - Eclectic Handcrafts\",\"isPartOf\":{\"@id\":\"https:\\\/\\\/eclectic-handcrafts.de\\\/#website\"},\"primaryImageOfPage\":{\"@id\":\"https:\\\/\\\/eclectic-handcrafts.de\\\/product\\\/pinky-llama\\\/#primaryimage\"},\"image\":{\"@id\":\"https:\\\/\\\/eclectic-handcrafts.de\\\/product\\\/pinky-llama\\\/#primaryimage\"},\"thumbnailUrl\":\"https:\\\/\\\/eclectic-handcrafts.de\\\/wp-content\\\/uploads\\\/2023\\\/06\\\/Drama-Llama-1.jpg\",\"datePublished\":\"2023-06-13T19:08:52+00:00\",\"dateModified\":\"2024-09-25T16:33:21+00:00\",\"breadcrumb\":{\"@id\":\"https:\\\/\\\/eclectic-handcrafts.de\\\/product\\\/pinky-llama\\\/#breadcrumb\"},\"inLanguage\":\"es\",\"potentialAction\":[{\"@type\":\"ReadAction\",\"target\":[\"https:\\\/\\\/eclectic-handcrafts.de\\\/product\\\/pinky-llama\\\/\"]}]},{\"@type\":\"ImageObject\",\"inLanguage\":\"es\",\"@id\":\"https:\\\/\\\/eclectic-handcrafts.de\\\/product\\\/pinky-llama\\\/#primaryimage\",\"url\":\"https:\\\/\\\/eclectic-handcrafts.de\\\/wp-content\\\/uploads\\\/2023\\\/06\\\/Drama-Llama-1.jpg\",\"contentUrl\":\"https:\\\/\\\/eclectic-handcrafts.de\\\/wp-content\\\/uploads\\\/2023\\\/06\\\/Drama-Llama-1.jpg\",\"width\":600,\"height\":800},{\"@type\":\"BreadcrumbList\",\"@id\":\"https:\\\/\\\/eclectic-handcrafts.de\\\/product\\\/pinky-llama\\\/#breadcrumb\",\"itemListElement\":[{\"@type\":\"ListItem\",\"position\":1,\"name\":\"Home\",\"item\":\"https:\\\/\\\/eclectic-handcrafts.de\\\/\"},{\"@type\":\"ListItem\",\"position\":2,\"name\":\"Shop\",\"item\":\"https:\\\/\\\/eclectic-handcrafts.de\\\/shop\\\/\"},{\"@type\":\"ListItem\",\"position\":3,\"name\":\"Pinky llama\"}]},{\"@type\":\"WebSite\",\"@id\":\"https:\\\/\\\/eclectic-handcrafts.de\\\/#website\",\"url\":\"https:\\\/\\\/eclectic-handcrafts.de\\\/\",\"name\":\"Eclectic Handcrafts\",\"description\":\"By Claudia\",\"publisher\":{\"@id\":\"https:\\\/\\\/eclectic-handcrafts.de\\\/#organization\"},\"potentialAction\":[{\"@type\":\"SearchAction\",\"target\":{\"@type\":\"EntryPoint\",\"urlTemplate\":\"https:\\\/\\\/eclectic-handcrafts.de\\\/?s={search_term_string}\"},\"query-input\":{\"@type\":\"PropertyValueSpecification\",\"valueRequired\":true,\"valueName\":\"search_term_string\"}}],\"inLanguage\":\"es\"},{\"@type\":\"Organization\",\"@id\":\"https:\\\/\\\/eclectic-handcrafts.de\\\/#organization\",\"name\":\"Eclectic Handcrafts\",\"url\":\"https:\\\/\\\/eclectic-handcrafts.de\\\/\",\"logo\":{\"@type\":\"ImageObject\",\"inLanguage\":\"es\",\"@id\":\"https:\\\/\\\/eclectic-handcrafts.de\\\/#\\\/schema\\\/logo\\\/image\\\/\",\"url\":\"https:\\\/\\\/eclectic-handcrafts.de\\\/wp-content\\\/uploads\\\/2023\\\/06\\\/eclectic-main-logo.png\",\"contentUrl\":\"https:\\\/\\\/eclectic-handcrafts.de\\\/wp-content\\\/uploads\\\/2023\\\/06\\\/eclectic-main-logo.png\",\"width\":290,\"height\":300,\"caption\":\"Eclectic Handcrafts\"},\"image\":{\"@id\":\"https:\\\/\\\/eclectic-handcrafts.de\\\/#\\\/schema\\\/logo\\\/image\\\/\"}}]}<\/script>\n<!-- \/ Yoast SEO plugin. -->","yoast_head_json":{"title":"Pinky llama - Eclectic Handcrafts","robots":{"index":"index","follow":"follow","max-snippet":"max-snippet:-1","max-image-preview":"max-image-preview:large","max-video-preview":"max-video-preview:-1"},"canonical":"https:\/\/eclectic-handcrafts.de\/es\/producto\/pinky-llama\/","og_locale":"es_ES","og_type":"article","og_title":"Pinky llama - Eclectic Handcrafts","og_description":"These colourful bookmarks are made with felt and embroidered with 100% cotton threads, every detail is sawn and embroidered by hand. The charming and delightful llamas adorned with flowers on their heads and ears that I encountered during my visit to the Peruvian mountains were my inspiration for these bookmarks. They come in ten colours. Each one of my bookmarks is embroidered with care and dedication to assure that it is unique and special.","og_url":"https:\/\/eclectic-handcrafts.de\/es\/producto\/pinky-llama\/","og_site_name":"Eclectic Handcrafts","article_modified_time":"2024-09-25T16:33:21+00:00","og_image":[{"width":600,"height":800,"url":"https:\/\/eclectic-handcrafts.de\/wp-content\/uploads\/2023\/06\/Drama-Llama-1.jpg","type":"image\/jpeg"}],"twitter_card":"summary_large_image","twitter_misc":{"Tiempo de lectura":"1 minuto"},"schema":{"@context":"https:\/\/schema.org","@graph":[{"@type":"WebPage","@id":"https:\/\/eclectic-handcrafts.de\/product\/pinky-llama\/","url":"https:\/\/eclectic-handcrafts.de\/product\/pinky-llama\/","name":"Pinky llama - Eclectic Handcrafts","isPartOf":{"@id":"https:\/\/eclectic-handcrafts.de\/#website"},"primaryImageOfPage":{"@id":"https:\/\/eclectic-handcrafts.de\/product\/pinky-llama\/#primaryimage"},"image":{"@id":"https:\/\/eclectic-handcrafts.de\/product\/pinky-llama\/#primaryimage"},"thumbnailUrl":"https:\/\/eclectic-handcrafts.de\/wp-content\/uploads\/2023\/06\/Drama-Llama-1.jpg","datePublished":"2023-06-13T19:08:52+00:00","dateModified":"2024-09-25T16:33:21+00:00","breadcrumb":{"@id":"https:\/\/eclectic-handcrafts.de\/product\/pinky-llama\/#breadcrumb"},"inLanguage":"es","potentialAction":[{"@type":"ReadAction","target":["https:\/\/eclectic-handcrafts.de\/product\/pinky-llama\/"]}]},{"@type":"ImageObject","inLanguage":"es","@id":"https:\/\/eclectic-handcrafts.de\/product\/pinky-llama\/#primaryimage","url":"https:\/\/eclectic-handcrafts.de\/wp-content\/uploads\/2023\/06\/Drama-Llama-1.jpg","contentUrl":"https:\/\/eclectic-handcrafts.de\/wp-content\/uploads\/2023\/06\/Drama-Llama-1.jpg","width":600,"height":800},{"@type":"BreadcrumbList","@id":"https:\/\/eclectic-handcrafts.de\/product\/pinky-llama\/#breadcrumb","itemListElement":[{"@type":"ListItem","position":1,"name":"Home","item":"https:\/\/eclectic-handcrafts.de\/"},{"@type":"ListItem","position":2,"name":"Shop","item":"https:\/\/eclectic-handcrafts.de\/shop\/"},{"@type":"ListItem","position":3,"name":"Pinky llama"}]},{"@type":"WebSite","@id":"https:\/\/eclectic-handcrafts.de\/#website","url":"https:\/\/eclectic-handcrafts.de\/","name":"Eclectic Handcrafts","description":"By Claudia","publisher":{"@id":"https:\/\/eclectic-handcrafts.de\/#organization"},"potentialAction":[{"@type":"SearchAction","target":{"@type":"EntryPoint","urlTemplate":"https:\/\/eclectic-handcrafts.de\/?s={search_term_string}"},"query-input":{"@type":"PropertyValueSpecification","valueRequired":true,"valueName":"search_term_string"}}],"inLanguage":"es"},{"@type":"Organization","@id":"https:\/\/eclectic-handcrafts.de\/#organization","name":"Eclectic Handcrafts","url":"https:\/\/eclectic-handcrafts.de\/","logo":{"@type":"ImageObject","inLanguage":"es","@id":"https:\/\/eclectic-handcrafts.de\/#\/schema\/logo\/image\/","url":"https:\/\/eclectic-handcrafts.de\/wp-content\/uploads\/2023\/06\/eclectic-main-logo.png","contentUrl":"https:\/\/eclectic-handcrafts.de\/wp-content\/uploads\/2023\/06\/eclectic-main-logo.png","width":290,"height":300,"caption":"Eclectic Handcrafts"},"image":{"@id":"https:\/\/eclectic-handcrafts.de\/#\/schema\/logo\/image\/"}}]}},"_links":{"self":[{"href":"https:\/\/eclectic-handcrafts.de\/es\/wp-json\/wp\/v2\/product\/145","targetHints":{"allow":["GET"]}}],"collection":[{"href":"https:\/\/eclectic-handcrafts.de\/es\/wp-json\/wp\/v2\/product"}],"about":[{"href":"https:\/\/eclectic-handcrafts.de\/es\/wp-json\/wp\/v2\/types\/product"}],"replies":[{"embeddable":true,"href":"https:\/\/eclectic-handcrafts.de\/es\/wp-json\/wp\/v2\/comments?post=145"}],"wp:featuredmedia":[{"embeddable":true,"href":"https:\/\/eclectic-handcrafts.de\/es\/wp-json\/wp\/v2\/media\/755"}],"wp:attachment":[{"href":"https:\/\/eclectic-handcrafts.de\/es\/wp-json\/wp\/v2\/media?parent=145"}],"wp:term":[{"taxonomy":"product_brand","embeddable":true,"href":"https:\/\/eclectic-handcrafts.de\/es\/wp-json\/wp\/v2\/product_brand?post=145"},{"taxonomy":"product_cat","embeddable":true,"href":"https:\/\/eclectic-handcrafts.de\/es\/wp-json\/wp\/v2\/product_cat?post=145"},{"taxonomy":"product_tag","embeddable":true,"href":"https:\/\/eclectic-handcrafts.de\/es\/wp-json\/wp\/v2\/product_tag?post=145"}],"curies":[{"name":"wp","href":"https:\/\/api.w.org\/{rel}","templated":true}]}}