{"id":2445,"date":"2024-03-07T18:52:05","date_gmt":"2024-03-07T18:52:05","guid":{"rendered":"https:\/\/eclectic-handcrafts.de\/?post_type=product&#038;p=2445"},"modified":"2025-09-01T08:54:57","modified_gmt":"2025-09-01T08:54:57","slug":"amor-heart-blue","status":"publish","type":"product","link":"https:\/\/eclectic-handcrafts.de\/es\/producto\/amor-heart-blue\/","title":{"rendered":"amor heart blue"},"content":{"rendered":"<p>La base de esta pieza de Arte tiene un collage de monoimpresiones en placas de gel, que son un tipo de grabado que crea impresiones \u00fanicas y originales cada vez, siempre obtendr\u00e1s una base de t\u00e9cnica mixta singular y distintiva que agrega encanto y personalidad a tu lienzo. Sobre el que se coloca un colorido coraz\u00f3n en 3D. No hay dos bases de lienzo iguales, pero se combinar\u00e1n con los colores de cada una de las tres opciones que ofrezco: azul, rojo u dorado.<\/p>\n<p>Tama\u00f1o: 20 x 20 cm.<br \/>\nModel \u201cAMOR\u201d<br \/>\nviene en tres colores:<br \/>\nAmor Rojo<br \/>\nAmor Azul<br \/>\nAmor Gold<\/p>","protected":false},"excerpt":{"rendered":"<p>The base of this Art piece has a collage of gel plate monoprints, which are a type of printmaking that creates unique and original prints every time, you will always get a singular and distinctive mixed media base that adds charm and personality to your canvas. On which a colourful 3D heart is placed. No [&hellip;]<\/p>\n","protected":false},"featured_media":718,"comment_status":"open","ping_status":"closed","template":"","meta":[],"product_brand":[],"product_cat":[28],"product_tag":[],"class_list":{"0":"post-2445","1":"product","2":"type-product","3":"status-publish","4":"has-post-thumbnail","6":"product_cat-3d-art-on-canvas","8":"first","9":"instock","10":"shipping-taxable","11":"purchasable","12":"product-type-simple"},"yoast_head":"<!-- This site is optimized with the Yoast SEO plugin v27.3 - https:\/\/yoast.com\/product\/yoast-seo-wordpress\/ -->\n<title>amor heart blue - Eclectic Handcrafts<\/title>\n<meta name=\"robots\" content=\"index, follow, max-snippet:-1, max-image-preview:large, max-video-preview:-1\" \/>\n<link rel=\"canonical\" href=\"https:\/\/eclectic-handcrafts.de\/es\/producto\/amor-heart-blue\/\" \/>\n<meta property=\"og:locale\" content=\"es_ES\" \/>\n<meta property=\"og:type\" content=\"article\" \/>\n<meta property=\"og:title\" content=\"amor heart blue - Eclectic Handcrafts\" \/>\n<meta property=\"og:description\" content=\"The base of this Art piece has a collage of gel plate monoprints, which are a type of printmaking that creates unique and original prints every time, you will always get a singular and distinctive mixed media base that adds charm and personality to your canvas. On which a colourful 3D heart is placed. No [&hellip;]\" \/>\n<meta property=\"og:url\" content=\"https:\/\/eclectic-handcrafts.de\/es\/producto\/amor-heart-blue\/\" \/>\n<meta property=\"og:site_name\" content=\"Eclectic Handcrafts\" \/>\n<meta property=\"article:modified_time\" content=\"2025-09-01T08:54:57+00:00\" \/>\n<meta property=\"og:image\" content=\"https:\/\/eclectic-handcrafts.de\/wp-content\/uploads\/2023\/06\/Amor-Heart-1.jpg\" \/>\n\t<meta property=\"og:image:width\" content=\"600\" \/>\n\t<meta property=\"og:image:height\" content=\"800\" \/>\n\t<meta property=\"og:image:type\" content=\"image\/jpeg\" \/>\n<meta name=\"twitter:card\" content=\"summary_large_image\" \/>\n<meta name=\"twitter:label1\" content=\"Tiempo de lectura\" \/>\n\t<meta name=\"twitter:data1\" content=\"1 minuto\" \/>\n<script type=\"application\/ld+json\" class=\"yoast-schema-graph\">{\"@context\":\"https:\\\/\\\/schema.org\",\"@graph\":[{\"@type\":\"WebPage\",\"@id\":\"https:\\\/\\\/eclectic-handcrafts.de\\\/product\\\/amor-heart-blue\\\/\",\"url\":\"https:\\\/\\\/eclectic-handcrafts.de\\\/product\\\/amor-heart-blue\\\/\",\"name\":\"amor heart blue - Eclectic Handcrafts\",\"isPartOf\":{\"@id\":\"https:\\\/\\\/eclectic-handcrafts.de\\\/#website\"},\"primaryImageOfPage\":{\"@id\":\"https:\\\/\\\/eclectic-handcrafts.de\\\/product\\\/amor-heart-blue\\\/#primaryimage\"},\"image\":{\"@id\":\"https:\\\/\\\/eclectic-handcrafts.de\\\/product\\\/amor-heart-blue\\\/#primaryimage\"},\"thumbnailUrl\":\"https:\\\/\\\/eclectic-handcrafts.de\\\/wp-content\\\/uploads\\\/2023\\\/06\\\/Amor-Heart-1.jpg\",\"datePublished\":\"2024-03-07T18:52:05+00:00\",\"dateModified\":\"2025-09-01T08:54:57+00:00\",\"breadcrumb\":{\"@id\":\"https:\\\/\\\/eclectic-handcrafts.de\\\/product\\\/amor-heart-blue\\\/#breadcrumb\"},\"inLanguage\":\"es\",\"potentialAction\":[{\"@type\":\"ReadAction\",\"target\":[\"https:\\\/\\\/eclectic-handcrafts.de\\\/product\\\/amor-heart-blue\\\/\"]}]},{\"@type\":\"ImageObject\",\"inLanguage\":\"es\",\"@id\":\"https:\\\/\\\/eclectic-handcrafts.de\\\/product\\\/amor-heart-blue\\\/#primaryimage\",\"url\":\"https:\\\/\\\/eclectic-handcrafts.de\\\/wp-content\\\/uploads\\\/2023\\\/06\\\/Amor-Heart-1.jpg\",\"contentUrl\":\"https:\\\/\\\/eclectic-handcrafts.de\\\/wp-content\\\/uploads\\\/2023\\\/06\\\/Amor-Heart-1.jpg\",\"width\":600,\"height\":800},{\"@type\":\"BreadcrumbList\",\"@id\":\"https:\\\/\\\/eclectic-handcrafts.de\\\/product\\\/amor-heart-blue\\\/#breadcrumb\",\"itemListElement\":[{\"@type\":\"ListItem\",\"position\":1,\"name\":\"Home\",\"item\":\"https:\\\/\\\/eclectic-handcrafts.de\\\/\"},{\"@type\":\"ListItem\",\"position\":2,\"name\":\"Shop\",\"item\":\"https:\\\/\\\/eclectic-handcrafts.de\\\/shop\\\/\"},{\"@type\":\"ListItem\",\"position\":3,\"name\":\"amor heart blue\"}]},{\"@type\":\"WebSite\",\"@id\":\"https:\\\/\\\/eclectic-handcrafts.de\\\/#website\",\"url\":\"https:\\\/\\\/eclectic-handcrafts.de\\\/\",\"name\":\"Eclectic Handcrafts\",\"description\":\"By Claudia\",\"publisher\":{\"@id\":\"https:\\\/\\\/eclectic-handcrafts.de\\\/#organization\"},\"potentialAction\":[{\"@type\":\"SearchAction\",\"target\":{\"@type\":\"EntryPoint\",\"urlTemplate\":\"https:\\\/\\\/eclectic-handcrafts.de\\\/?s={search_term_string}\"},\"query-input\":{\"@type\":\"PropertyValueSpecification\",\"valueRequired\":true,\"valueName\":\"search_term_string\"}}],\"inLanguage\":\"es\"},{\"@type\":\"Organization\",\"@id\":\"https:\\\/\\\/eclectic-handcrafts.de\\\/#organization\",\"name\":\"Eclectic Handcrafts\",\"url\":\"https:\\\/\\\/eclectic-handcrafts.de\\\/\",\"logo\":{\"@type\":\"ImageObject\",\"inLanguage\":\"es\",\"@id\":\"https:\\\/\\\/eclectic-handcrafts.de\\\/#\\\/schema\\\/logo\\\/image\\\/\",\"url\":\"https:\\\/\\\/eclectic-handcrafts.de\\\/wp-content\\\/uploads\\\/2023\\\/06\\\/eclectic-main-logo.png\",\"contentUrl\":\"https:\\\/\\\/eclectic-handcrafts.de\\\/wp-content\\\/uploads\\\/2023\\\/06\\\/eclectic-main-logo.png\",\"width\":290,\"height\":300,\"caption\":\"Eclectic Handcrafts\"},\"image\":{\"@id\":\"https:\\\/\\\/eclectic-handcrafts.de\\\/#\\\/schema\\\/logo\\\/image\\\/\"}}]}<\/script>\n<!-- \/ Yoast SEO plugin. -->","yoast_head_json":{"title":"amor heart blue - Eclectic Handcrafts","robots":{"index":"index","follow":"follow","max-snippet":"max-snippet:-1","max-image-preview":"max-image-preview:large","max-video-preview":"max-video-preview:-1"},"canonical":"https:\/\/eclectic-handcrafts.de\/es\/producto\/amor-heart-blue\/","og_locale":"es_ES","og_type":"article","og_title":"amor heart blue - Eclectic Handcrafts","og_description":"The base of this Art piece has a collage of gel plate monoprints, which are a type of printmaking that creates unique and original prints every time, you will always get a singular and distinctive mixed media base that adds charm and personality to your canvas. On which a colourful 3D heart is placed. No [&hellip;]","og_url":"https:\/\/eclectic-handcrafts.de\/es\/producto\/amor-heart-blue\/","og_site_name":"Eclectic Handcrafts","article_modified_time":"2025-09-01T08:54:57+00:00","og_image":[{"width":600,"height":800,"url":"https:\/\/eclectic-handcrafts.de\/wp-content\/uploads\/2023\/06\/Amor-Heart-1.jpg","type":"image\/jpeg"}],"twitter_card":"summary_large_image","twitter_misc":{"Tiempo de lectura":"1 minuto"},"schema":{"@context":"https:\/\/schema.org","@graph":[{"@type":"WebPage","@id":"https:\/\/eclectic-handcrafts.de\/product\/amor-heart-blue\/","url":"https:\/\/eclectic-handcrafts.de\/product\/amor-heart-blue\/","name":"amor heart blue - Eclectic Handcrafts","isPartOf":{"@id":"https:\/\/eclectic-handcrafts.de\/#website"},"primaryImageOfPage":{"@id":"https:\/\/eclectic-handcrafts.de\/product\/amor-heart-blue\/#primaryimage"},"image":{"@id":"https:\/\/eclectic-handcrafts.de\/product\/amor-heart-blue\/#primaryimage"},"thumbnailUrl":"https:\/\/eclectic-handcrafts.de\/wp-content\/uploads\/2023\/06\/Amor-Heart-1.jpg","datePublished":"2024-03-07T18:52:05+00:00","dateModified":"2025-09-01T08:54:57+00:00","breadcrumb":{"@id":"https:\/\/eclectic-handcrafts.de\/product\/amor-heart-blue\/#breadcrumb"},"inLanguage":"es","potentialAction":[{"@type":"ReadAction","target":["https:\/\/eclectic-handcrafts.de\/product\/amor-heart-blue\/"]}]},{"@type":"ImageObject","inLanguage":"es","@id":"https:\/\/eclectic-handcrafts.de\/product\/amor-heart-blue\/#primaryimage","url":"https:\/\/eclectic-handcrafts.de\/wp-content\/uploads\/2023\/06\/Amor-Heart-1.jpg","contentUrl":"https:\/\/eclectic-handcrafts.de\/wp-content\/uploads\/2023\/06\/Amor-Heart-1.jpg","width":600,"height":800},{"@type":"BreadcrumbList","@id":"https:\/\/eclectic-handcrafts.de\/product\/amor-heart-blue\/#breadcrumb","itemListElement":[{"@type":"ListItem","position":1,"name":"Home","item":"https:\/\/eclectic-handcrafts.de\/"},{"@type":"ListItem","position":2,"name":"Shop","item":"https:\/\/eclectic-handcrafts.de\/shop\/"},{"@type":"ListItem","position":3,"name":"amor heart blue"}]},{"@type":"WebSite","@id":"https:\/\/eclectic-handcrafts.de\/#website","url":"https:\/\/eclectic-handcrafts.de\/","name":"Eclectic Handcrafts","description":"By Claudia","publisher":{"@id":"https:\/\/eclectic-handcrafts.de\/#organization"},"potentialAction":[{"@type":"SearchAction","target":{"@type":"EntryPoint","urlTemplate":"https:\/\/eclectic-handcrafts.de\/?s={search_term_string}"},"query-input":{"@type":"PropertyValueSpecification","valueRequired":true,"valueName":"search_term_string"}}],"inLanguage":"es"},{"@type":"Organization","@id":"https:\/\/eclectic-handcrafts.de\/#organization","name":"Eclectic Handcrafts","url":"https:\/\/eclectic-handcrafts.de\/","logo":{"@type":"ImageObject","inLanguage":"es","@id":"https:\/\/eclectic-handcrafts.de\/#\/schema\/logo\/image\/","url":"https:\/\/eclectic-handcrafts.de\/wp-content\/uploads\/2023\/06\/eclectic-main-logo.png","contentUrl":"https:\/\/eclectic-handcrafts.de\/wp-content\/uploads\/2023\/06\/eclectic-main-logo.png","width":290,"height":300,"caption":"Eclectic Handcrafts"},"image":{"@id":"https:\/\/eclectic-handcrafts.de\/#\/schema\/logo\/image\/"}}]}},"_links":{"self":[{"href":"https:\/\/eclectic-handcrafts.de\/es\/wp-json\/wp\/v2\/product\/2445","targetHints":{"allow":["GET"]}}],"collection":[{"href":"https:\/\/eclectic-handcrafts.de\/es\/wp-json\/wp\/v2\/product"}],"about":[{"href":"https:\/\/eclectic-handcrafts.de\/es\/wp-json\/wp\/v2\/types\/product"}],"replies":[{"embeddable":true,"href":"https:\/\/eclectic-handcrafts.de\/es\/wp-json\/wp\/v2\/comments?post=2445"}],"wp:featuredmedia":[{"embeddable":true,"href":"https:\/\/eclectic-handcrafts.de\/es\/wp-json\/wp\/v2\/media\/718"}],"wp:attachment":[{"href":"https:\/\/eclectic-handcrafts.de\/es\/wp-json\/wp\/v2\/media?parent=2445"}],"wp:term":[{"taxonomy":"product_brand","embeddable":true,"href":"https:\/\/eclectic-handcrafts.de\/es\/wp-json\/wp\/v2\/product_brand?post=2445"},{"taxonomy":"product_cat","embeddable":true,"href":"https:\/\/eclectic-handcrafts.de\/es\/wp-json\/wp\/v2\/product_cat?post=2445"},{"taxonomy":"product_tag","embeddable":true,"href":"https:\/\/eclectic-handcrafts.de\/es\/wp-json\/wp\/v2\/product_tag?post=2445"}],"curies":[{"name":"wp","href":"https:\/\/api.w.org\/{rel}","templated":true}]}}